{"id":72,"date":"2022-11-07T19:40:46","date_gmt":"2022-11-07T19:40:46","guid":{"rendered":"https:\/\/flamingopark.com.tr\/?page_id=72"},"modified":"2023-03-26T10:55:37","modified_gmt":"2023-03-26T10:55:37","slug":"restoran","status":"publish","type":"page","link":"https:\/\/flamingopark.com.tr\/index.php\/restoran\/","title":{"rendered":"Restoran"},"content":{"rendered":"\t\t<div data-elementor-type=\"wp-page\" data-elementor-id=\"72\" class=\"elementor elementor-72\">\n\t\t\t\t\t\t<div class=\"elementor-inner\">\n\t\t\t\t<div class=\"elementor-section-wrap\">\n\t\t\t\t\t\t\t\t\t<section class=\"elementor-section elementor-top-section elementor-element elementor-element-b5f246f elementor-section-full_width elementor-section-height-default elementor-section-height-default\" data-id=\"b5f246f\" data-element_type=\"section\" data-settings=\"{&quot;background_background&quot;:&quot;classic&quot;}\">\n\t\t\t\t\t\t\t<div class=\"elementor-background-overlay\"><\/div>\n\t\t\t\t\t\t\t<div class=\"elementor-container elementor-column-gap-no\">\n\t\t\t\t\t\t\t<div class=\"elementor-row\">\n\t\t\t\t\t<div class=\"aux-parallax-section elementor-column elementor-col-100 elementor-top-column elementor-element elementor-element-e72570e\" data-id=\"e72570e\" data-element_type=\"column\" data-settings=\"{&quot;background_background&quot;:&quot;classic&quot;}\">\n\t\t\t<div class=\"elementor-column-wrap elementor-element-populated\">\n\t\t\t\t\t\t\t<div class=\"elementor-widget-wrap\">\n\t\t\t\t\t\t<section class=\"elementor-section elementor-inner-section elementor-element elementor-element-5538e40 elementor-section-boxed elementor-section-height-default elementor-section-height-default\" data-id=\"5538e40\" data-element_type=\"section\">\n\t\t\t\t\t\t<div class=\"elementor-container elementor-column-gap-no\">\n\t\t\t\t\t\t\t<div class=\"elementor-row\">\n\t\t\t\t\t<div class=\"aux-parallax-section elementor-column elementor-col-100 elementor-inner-column elementor-element elementor-element-773c278\" data-id=\"773c278\" data-element_type=\"column\">\n\t\t\t<div class=\"elementor-column-wrap elementor-element-populated\">\n\t\t\t\t\t\t\t<div class=\"elementor-widget-wrap\">\n\t\t\t\t\t\t<div class=\"elementor-element elementor-element-cb4a61d aux-appear-watch-animation aux-fade-in-right-1 elementor-widget elementor-widget-aux_modern_heading\" data-id=\"cb4a61d\" data-element_type=\"widget\" data-widget_type=\"aux_modern_heading.default\">\n\t\t\t\t<div class=\"elementor-widget-container\">\n\t\t\t<section class=\"aux-widget-modern-heading\">\n            <div class=\"aux-widget-inner\"><h2 class=\"aux-modern-heading-primary\">restoran<\/h2><\/div>\n        <\/section>\t\t<\/div>\n\t\t\t\t<\/div>\n\t\t\t\t\t\t<\/div>\n\t\t\t\t\t<\/div>\n\t\t<\/div>\n\t\t\t\t\t\t\t\t<\/div>\n\t\t\t\t\t<\/div>\n\t\t<\/section>\n\t\t\t\t\t\t<\/div>\n\t\t\t\t\t<\/div>\n\t\t<\/div>\n\t\t\t\t\t\t\t\t<\/div>\n\t\t\t\t\t<\/div>\n\t\t<\/section>\n\t\t\t\t<section class=\"elementor-section elementor-top-section elementor-element elementor-element-967ef39 elementor-section-boxed elementor-section-height-default elementor-section-height-default\" data-id=\"967ef39\" data-element_type=\"section\">\n\t\t\t\t\t\t<div class=\"elementor-container elementor-column-gap-no\">\n\t\t\t\t\t\t\t<div class=\"elementor-row\">\n\t\t\t\t\t<div class=\"aux-parallax-section elementor-column elementor-col-100 elementor-top-column elementor-element elementor-element-5cec71d\" data-id=\"5cec71d\" data-element_type=\"column\">\n\t\t\t<div class=\"elementor-column-wrap elementor-element-populated\">\n\t\t\t\t\t\t\t<div class=\"elementor-widget-wrap\">\n\t\t\t\t\t\t<div class=\"elementor-element elementor-element-24507a3 aux-appear-watch-animation aux-scale-down-1 elementor-widget elementor-widget-aux_modern_heading\" data-id=\"24507a3\" data-element_type=\"widget\" data-widget_type=\"aux_modern_heading.default\">\n\t\t\t\t<div class=\"elementor-widget-container\">\n\t\t\t<section class=\"aux-widget-modern-heading\">\n            <div class=\"aux-widget-inner\"><h2 class=\"aux-modern-heading-primary\">RESTORAN &amp; OCAKBA\u015eI<\/h2><div class=\"aux-modern-heading-description\">Serpme kahvalt\u0131, ocakba\u015f\u0131, mangal ve d\u00fcnya mutfa\u011f\u0131ndan lezzetler sizlerle<\/div><\/div>\n        <\/section>\t\t<\/div>\n\t\t\t\t<\/div>\n\t\t\t\t<div class=\"elementor-element elementor-element-7ecb520 elementor-arrows-position-inside elementor-pagination-position-outside elementor-widget elementor-widget-image-carousel\" data-id=\"7ecb520\" data-element_type=\"widget\" data-settings=\"{&quot;slides_to_show&quot;:&quot;3&quot;,&quot;slides_to_scroll&quot;:&quot;1&quot;,&quot;navigation&quot;:&quot;both&quot;,&quot;autoplay&quot;:&quot;yes&quot;,&quot;pause_on_hover&quot;:&quot;yes&quot;,&quot;pause_on_interaction&quot;:&quot;yes&quot;,&quot;autoplay_speed&quot;:5000,&quot;infinite&quot;:&quot;yes&quot;,&quot;speed&quot;:500,&quot;image_spacing_custom&quot;:{&quot;unit&quot;:&quot;px&quot;,&quot;size&quot;:20,&quot;sizes&quot;:[]},&quot;image_spacing_custom_tablet&quot;:{&quot;unit&quot;:&quot;px&quot;,&quot;size&quot;:&quot;&quot;,&quot;sizes&quot;:[]},&quot;image_spacing_custom_mobile&quot;:{&quot;unit&quot;:&quot;px&quot;,&quot;size&quot;:&quot;&quot;,&quot;sizes&quot;:[]}}\" data-widget_type=\"image-carousel.default\">\n\t\t\t\t<div class=\"elementor-widget-container\">\n\t\t\t\t\t<div class=\"elementor-image-carousel-wrapper swiper-container\" dir=\"ltr\">\n\t\t\t<div class=\"elementor-image-carousel swiper-wrapper swiper-image-stretch\">\n\t\t\t\t\t\t\t\t<div class=\"swiper-slide\"><figure class=\"swiper-slide-inner\"><img decoding=\"async\" class=\"swiper-slide-image\" src=\"https:\/\/flamingopark.com.tr\/wp-content\/uploads\/2023\/03\/ocakvbasi.jpg\" alt=\"ocakvbasi\" \/><\/figure><\/div><div class=\"swiper-slide\"><figure class=\"swiper-slide-inner\"><img decoding=\"async\" class=\"swiper-slide-image\" src=\"https:\/\/flamingopark.com.tr\/wp-content\/uploads\/2023\/03\/RESTORAN-2-1.jpg\" alt=\"RESTORAN-2\" \/><\/figure><\/div><div class=\"swiper-slide\"><figure class=\"swiper-slide-inner\"><img decoding=\"async\" class=\"swiper-slide-image\" src=\"https:\/\/flamingopark.com.tr\/wp-content\/uploads\/2023\/03\/galeri-19.jpg\" alt=\"galeri-19\" \/><\/figure><\/div><div class=\"swiper-slide\"><figure class=\"swiper-slide-inner\"><img decoding=\"async\" class=\"swiper-slide-image\" src=\"https:\/\/flamingopark.com.tr\/wp-content\/uploads\/2023\/03\/RESTORAN-1-1.jpg\" alt=\"RESTORAN-1\" \/><\/figure><\/div><div class=\"swiper-slide\"><figure class=\"swiper-slide-inner\"><img decoding=\"async\" class=\"swiper-slide-image\" src=\"https:\/\/flamingopark.com.tr\/wp-content\/uploads\/2023\/03\/galeri-15.jpg\" alt=\"galeri-15\" \/><\/figure><\/div><div class=\"swiper-slide\"><figure class=\"swiper-slide-inner\"><img decoding=\"async\" class=\"swiper-slide-image\" src=\"https:\/\/flamingopark.com.tr\/wp-content\/uploads\/2023\/03\/galeri-9.jpg\" alt=\"galeri-9\" \/><\/figure><\/div><div class=\"swiper-slide\"><figure class=\"swiper-slide-inner\"><img decoding=\"async\" class=\"swiper-slide-image\" src=\"https:\/\/flamingopark.com.tr\/wp-content\/uploads\/2023\/03\/restoran-22.jpg\" alt=\"restoran-22\" \/><\/figure><\/div><div class=\"swiper-slide\"><figure class=\"swiper-slide-inner\"><img decoding=\"async\" class=\"swiper-slide-image\" src=\"https:\/\/flamingopark.com.tr\/wp-content\/uploads\/2023\/03\/restoran-4-1.jpg\" alt=\"restoran-4\" \/><\/figure><\/div><div class=\"swiper-slide\"><figure class=\"swiper-slide-inner\"><img decoding=\"async\" class=\"swiper-slide-image\" src=\"https:\/\/flamingopark.com.tr\/wp-content\/uploads\/2023\/03\/yemek-3.jpg\" alt=\"yemek-3\" \/><\/figure><\/div>\t\t\t<\/div>\n\t\t\t\t\t\t\t\t\t\t\t\t<div class=\"swiper-pagination\"><\/div>\n\t\t\t\t\t\t\t\t\t\t\t\t\t<div class=\"elementor-swiper-button elementor-swiper-button-prev\">\n\t\t\t\t\t\t<i aria-hidden=\"true\" class=\"eicon-chevron-left\"><\/i>\t\t\t\t\t\t<span class=\"elementor-screen-only\">\u00d6nceki<\/span>\n\t\t\t\t\t<\/div>\n\t\t\t\t\t<div class=\"elementor-swiper-button elementor-swiper-button-next\">\n\t\t\t\t\t\t<i aria-hidden=\"true\" class=\"eicon-chevron-right\"><\/i>\t\t\t\t\t\t<span class=\"elementor-screen-only\">Sonraki<\/span>\n\t\t\t\t\t<\/div>\n\t\t\t\t\t\t\t\t\t<\/div>\n\t\t\t\t<\/div>\n\t\t\t\t<\/div>\n\t\t\t\t\t\t<\/div>\n\t\t\t\t\t<\/div>\n\t\t<\/div>\n\t\t\t\t\t\t\t\t<\/div>\n\t\t\t\t\t<\/div>\n\t\t<\/section>\n\t\t\t\t\t\t\t\t\t<\/div>\n\t\t\t<\/div>\n\t\t\t\t\t<\/div>\n\t\t","protected":false},"excerpt":{"rendered":"<p>restoran RESTORAN &amp; OCAKBA\u015eI Serpme kahvalt\u0131, ocakba\u015f\u0131, mangal ve d\u00fcnya mutfa\u011f\u0131ndan lezzetler sizlerle \u00d6nceki Sonraki<\/p>\n","protected":false},"author":1,"featured_media":0,"parent":0,"menu_order":0,"comment_status":"closed","ping_status":"closed","template":"","meta":{"_joinchat":[],"footnotes":""},"class_list":["post-72","page","type-page","status-publish","hentry"],"yoast_head":"<!-- This site is optimized with the Yoast SEO plugin v20.3 - https:\/\/yoast.com\/wordpress\/plugins\/seo\/ -->\n<title>Restoran - Flamingo Park | Bungalov,Hayvanat bahcesi ve Aquapark<\/title>\n<meta name=\"robots\" content=\"index, follow, max-snippet:-1, max-image-preview:large, max-video-preview:-1\" \/>\n<link rel=\"canonical\" href=\"https:\/\/flamingopark.com.tr\/index.php\/restoran\/\" \/>\n<meta property=\"og:locale\" content=\"tr_TR\" \/>\n<meta property=\"og:type\" content=\"article\" \/>\n<meta property=\"og:title\" content=\"Restoran - Flamingo Park | Bungalov,Hayvanat bahcesi ve Aquapark\" \/>\n<meta property=\"og:description\" content=\"restoran RESTORAN &amp; OCAKBA\u015eI Serpme kahvalt\u0131, ocakba\u015f\u0131, mangal ve d\u00fcnya mutfa\u011f\u0131ndan lezzetler sizlerle \u00d6nceki Sonraki\" \/>\n<meta property=\"og:url\" content=\"https:\/\/flamingopark.com.tr\/index.php\/restoran\/\" \/>\n<meta property=\"og:site_name\" content=\"Flamingo Park | Bungalov,Hayvanat bahcesi ve Aquapark\" \/>\n<meta property=\"article:modified_time\" content=\"2023-03-26T10:55:37+00:00\" \/>\n<meta property=\"og:image\" content=\"https:\/\/flamingopark.com.tr\/wp-content\/uploads\/2023\/03\/ocakvbasi.jpg\" \/>\n<meta name=\"twitter:card\" content=\"summary_large_image\" \/>\n<meta name=\"twitter:label1\" content=\"Tahmini okuma s\u00fcresi\" \/>\n\t<meta name=\"twitter:data1\" content=\"4 dakika\" \/>\n<script type=\"application\/ld+json\" class=\"yoast-schema-graph\">{\"@context\":\"https:\/\/schema.org\",\"@graph\":[{\"@type\":\"WebPage\",\"@id\":\"https:\/\/flamingopark.com.tr\/index.php\/restoran\/\",\"url\":\"https:\/\/flamingopark.com.tr\/index.php\/restoran\/\",\"name\":\"Restoran - Flamingo Park | Bungalov,Hayvanat bahcesi ve Aquapark\",\"isPartOf\":{\"@id\":\"https:\/\/flamingopark.com.tr\/#website\"},\"datePublished\":\"2022-11-07T19:40:46+00:00\",\"dateModified\":\"2023-03-26T10:55:37+00:00\",\"breadcrumb\":{\"@id\":\"https:\/\/flamingopark.com.tr\/index.php\/restoran\/#breadcrumb\"},\"inLanguage\":\"tr\",\"potentialAction\":[{\"@type\":\"ReadAction\",\"target\":[\"https:\/\/flamingopark.com.tr\/index.php\/restoran\/\"]}]},{\"@type\":\"BreadcrumbList\",\"@id\":\"https:\/\/flamingopark.com.tr\/index.php\/restoran\/#breadcrumb\",\"itemListElement\":[{\"@type\":\"ListItem\",\"position\":1,\"name\":\"Anasayfa\",\"item\":\"https:\/\/flamingopark.com.tr\/\"},{\"@type\":\"ListItem\",\"position\":2,\"name\":\"Restoran\"}]},{\"@type\":\"WebSite\",\"@id\":\"https:\/\/flamingopark.com.tr\/#website\",\"url\":\"https:\/\/flamingopark.com.tr\/\",\"name\":\"Flamingo Park | Bungalov,Hayvanat bahcesi ve Aquapark\",\"description\":\"Bungalov,Hayvanat bahcesi ve Aquapark\",\"publisher\":{\"@id\":\"https:\/\/flamingopark.com.tr\/#organization\"},\"potentialAction\":[{\"@type\":\"SearchAction\",\"target\":{\"@type\":\"EntryPoint\",\"urlTemplate\":\"https:\/\/flamingopark.com.tr\/?s={search_term_string}\"},\"query-input\":\"required name=search_term_string\"}],\"inLanguage\":\"tr\"},{\"@type\":\"Organization\",\"@id\":\"https:\/\/flamingopark.com.tr\/#organization\",\"name\":\"FLAM\u0130NGO PARK\",\"alternateName\":\"FLAM\u0130NGO PARK\",\"url\":\"https:\/\/flamingopark.com.tr\/\",\"logo\":{\"@type\":\"ImageObject\",\"inLanguage\":\"tr\",\"@id\":\"https:\/\/flamingopark.com.tr\/#\/schema\/logo\/image\/\",\"url\":\"https:\/\/flamingopark.com.tr\/wp-content\/uploads\/2022\/11\/cropped-cropped-logo3-MBBXG5T-1.png\",\"contentUrl\":\"https:\/\/flamingopark.com.tr\/wp-content\/uploads\/2022\/11\/cropped-cropped-logo3-MBBXG5T-1.png\",\"width\":374,\"height\":267,\"caption\":\"FLAM\u0130NGO PARK\"},\"image\":{\"@id\":\"https:\/\/flamingopark.com.tr\/#\/schema\/logo\/image\/\"}}]}<\/script>\n<!-- \/ Yoast SEO plugin. -->","yoast_head_json":{"title":"Restoran - Flamingo Park | Bungalov,Hayvanat bahcesi ve Aquapark","robots":{"index":"index","follow":"follow","max-snippet":"max-snippet:-1","max-image-preview":"max-image-preview:large","max-video-preview":"max-video-preview:-1"},"canonical":"https:\/\/flamingopark.com.tr\/index.php\/restoran\/","og_locale":"tr_TR","og_type":"article","og_title":"Restoran - Flamingo Park | Bungalov,Hayvanat bahcesi ve Aquapark","og_description":"restoran RESTORAN &amp; OCAKBA\u015eI Serpme kahvalt\u0131, ocakba\u015f\u0131, mangal ve d\u00fcnya mutfa\u011f\u0131ndan lezzetler sizlerle \u00d6nceki Sonraki","og_url":"https:\/\/flamingopark.com.tr\/index.php\/restoran\/","og_site_name":"Flamingo Park | Bungalov,Hayvanat bahcesi ve Aquapark","article_modified_time":"2023-03-26T10:55:37+00:00","og_image":[{"url":"https:\/\/flamingopark.com.tr\/wp-content\/uploads\/2023\/03\/ocakvbasi.jpg"}],"twitter_card":"summary_large_image","twitter_misc":{"Tahmini okuma s\u00fcresi":"4 dakika"},"schema":{"@context":"https:\/\/schema.org","@graph":[{"@type":"WebPage","@id":"https:\/\/flamingopark.com.tr\/index.php\/restoran\/","url":"https:\/\/flamingopark.com.tr\/index.php\/restoran\/","name":"Restoran - Flamingo Park | Bungalov,Hayvanat bahcesi ve Aquapark","isPartOf":{"@id":"https:\/\/flamingopark.com.tr\/#website"},"datePublished":"2022-11-07T19:40:46+00:00","dateModified":"2023-03-26T10:55:37+00:00","breadcrumb":{"@id":"https:\/\/flamingopark.com.tr\/index.php\/restoran\/#breadcrumb"},"inLanguage":"tr","potentialAction":[{"@type":"ReadAction","target":["https:\/\/flamingopark.com.tr\/index.php\/restoran\/"]}]},{"@type":"BreadcrumbList","@id":"https:\/\/flamingopark.com.tr\/index.php\/restoran\/#breadcrumb","itemListElement":[{"@type":"ListItem","position":1,"name":"Anasayfa","item":"https:\/\/flamingopark.com.tr\/"},{"@type":"ListItem","position":2,"name":"Restoran"}]},{"@type":"WebSite","@id":"https:\/\/flamingopark.com.tr\/#website","url":"https:\/\/flamingopark.com.tr\/","name":"Flamingo Park | Bungalov,Hayvanat bahcesi ve Aquapark","description":"Bungalov,Hayvanat bahcesi ve Aquapark","publisher":{"@id":"https:\/\/flamingopark.com.tr\/#organization"},"potentialAction":[{"@type":"SearchAction","target":{"@type":"EntryPoint","urlTemplate":"https:\/\/flamingopark.com.tr\/?s={search_term_string}"},"query-input":"required name=search_term_string"}],"inLanguage":"tr"},{"@type":"Organization","@id":"https:\/\/flamingopark.com.tr\/#organization","name":"FLAM\u0130NGO PARK","alternateName":"FLAM\u0130NGO PARK","url":"https:\/\/flamingopark.com.tr\/","logo":{"@type":"ImageObject","inLanguage":"tr","@id":"https:\/\/flamingopark.com.tr\/#\/schema\/logo\/image\/","url":"https:\/\/flamingopark.com.tr\/wp-content\/uploads\/2022\/11\/cropped-cropped-logo3-MBBXG5T-1.png","contentUrl":"https:\/\/flamingopark.com.tr\/wp-content\/uploads\/2022\/11\/cropped-cropped-logo3-MBBXG5T-1.png","width":374,"height":267,"caption":"FLAM\u0130NGO PARK"},"image":{"@id":"https:\/\/flamingopark.com.tr\/#\/schema\/logo\/image\/"}}]}},"_links":{"self":[{"href":"https:\/\/flamingopark.com.tr\/index.php\/wp-json\/wp\/v2\/pages\/72","targetHints":{"allow":["GET"]}}],"collection":[{"href":"https:\/\/flamingopark.com.tr\/index.php\/wp-json\/wp\/v2\/pages"}],"about":[{"href":"https:\/\/flamingopark.com.tr\/index.php\/wp-json\/wp\/v2\/types\/page"}],"author":[{"embeddable":true,"href":"https:\/\/flamingopark.com.tr\/index.php\/wp-json\/wp\/v2\/users\/1"}],"replies":[{"embeddable":true,"href":"https:\/\/flamingopark.com.tr\/index.php\/wp-json\/wp\/v2\/comments?post=72"}],"version-history":[{"count":12,"href":"https:\/\/flamingopark.com.tr\/index.php\/wp-json\/wp\/v2\/pages\/72\/revisions"}],"predecessor-version":[{"id":967,"href":"https:\/\/flamingopark.com.tr\/index.php\/wp-json\/wp\/v2\/pages\/72\/revisions\/967"}],"wp:attachment":[{"href":"https:\/\/flamingopark.com.tr\/index.php\/wp-json\/wp\/v2\/media?parent=72"}],"curies":[{"name":"wp","href":"https:\/\/api.w.org\/{rel}","templated":true}]}}